{"id":774,"date":"2025-10-02T08:40:04","date_gmt":"2025-10-02T08:40:04","guid":{"rendered":"https:\/\/lenos-vat.com\/onze-professionals\/jacco-kaandorp\/"},"modified":"2025-12-04T12:05:30","modified_gmt":"2025-12-04T12:05:30","slug":"jacco-kaandorp","status":"publish","type":"page","link":"https:\/\/lenos-vat.com\/nl\/onze-professionals\/jacco-kaandorp\/","title":{"rendered":"Jacco Kaandorp"},"content":{"rendered":"<div id=\"cs-content\" class=\"cs-content\"><div class=\"x-section e774-e5 mli-0 mli-2 mli-3\"><div class=\"x-row e774-e6 mli-6 mli-7 mli-8 mli-9 mli-a mli-e mli-g\"><div class=\"x-row-inner\"><div class=\"x-col e774-e7 mli-n mli-q mli-r mli-s mli-t mli-u\" data-x-effect-provider=\"colors particles effects\"><span class=\"x-icon e774-e8 mli-11 mli-5\" aria-hidden=\"true\" data-x-effect=\"{&quot;durationBase&quot;:&quot;300ms&quot;}\"><svg xmlns=\"http:\/\/www.w3.org\/2000\/svg\" viewBox=\"0 0 384 512\"><!--! Font Awesome Pro 6.7.2 by @fontawesome - https:\/\/fontawesome.com License - https:\/\/fontawesome.com\/license (Commercial License) Copyright 2024 Fonticons, Inc. --><path d=\"M48 96c-8.8 0-16 7.2-16 16l0 224c0 8.8 7.2 16 16 16s16-7.2 16-16l0-185.4L324.7 411.3c6.2 6.2 16.4 6.2 22.6 0s6.2-16.4 0-22.6L86.6 128 272 128c8.8 0 16-7.2 16-16s-7.2-16-16-16L48 96z\"\/><\/svg><\/span><h3  class=\"h-custom-headline h6\" style=\"color: #072128;margin-top:0px; letter-spacing: 0.6px;\"><span><a href=\"https:\/\/lenos-vat.com\/nl\/over-ons\/#professionals\">TERUG NAAR PROFESSIONALS<\/a><\/span><\/h3><\/div><\/div><\/div><div class=\"x-row e774-e10 mli-6 mli-7 mli-a mli-b mli-h\"><div class=\"x-row-inner\"><div class=\"x-col e774-e11 mli-q mli-r mli-s\"><h3  class=\"h-custom-headline h3\" style=\"color: #072128;margin-top:0px; letter-spacing: 0.6px;\"><span>Jacco Kaandorp<\/span><\/h3><h3  class=\"h-custom-headline h6\" style=\"color: #072128;margin-top:0px; letter-spacing: 0.6px;\"><span>SIS-FINANCE<\/span><\/h3><div id=\"\" class=\"x-text\" style=\"margin-top:30px;\" ><p>Door de jaren heen hebben we veel moeilijkheden ervaren als het gaat om zakendoen in het buitenland via een entiteit of via een andere vorm van vertegenwoordiging. Het moederbedrijf of de holdingmaatschappij moet zich realiseren dat het een deel van de controle over zijn activiteiten verliest, aangezien er plotseling rekening moet worden gehouden met bepaalde buitenlandse regels en deze moeten worden nageleefd.<\/p>\n<p>Bedrijven denken graag dat, hoewel de zaken in het buitenland worden gedaan, het slechts een financi\u00eble of boekhoudkundige kwestie is, en dat dagelijkse beslissingen kunnen worden genomen zoals voorheen; de nieuwe activiteit is slechts een extra grootboek dat door de financi\u00eble afdeling moet worden behandeld.<\/p>\n<p>De buitenlandse leiding zou echter haar processen moeten aanpassen en alle initiatieven vooraf via het management van de nieuwe onderneming moeten laten verlopen. Leiderschap en controle moeten in het land van vestiging zijn, inclusief het bijhouden van de boekhouding en de controle over de bankrekening. De handel moet dagelijks worden gemonitord.<\/p>\n<p>Wij weten waar CFO's op moeten letten als ze grensoverschrijdend te werk gaan. Dat geldt zelfs wanneer een bedrijf alleen een BTW-registratie in Nederland opzet om zijn EU-handel te ondersteunen. Het is echter niet alleen een factuur-\/financi\u00eble kwestie. De logistiek manager moet met de handelaren praten. Het gaat veel over communicatie, niet alleen intern maar ook met de buitenlandse dienstverleners. Zij kunnen hun taken niet uitvoeren als ze in het duister worden gehouden over hoe de handel zich ontwikkelt, of als ze alleen facturen zonder achtergrond of alleen grootboeken ontvangen en moeten raden waar ze naar kijken.<\/p>\n<p>Om deze problemen te voorkomen, die altijd zullen leiden tot discussies, misstappen en misverstanden (lees: onnodige kosten en tijdverspilling), is het goed dat een CFO zorgt voor een soepele en tijdige uitwisseling van informatie. Ook is het essentieel dat vanaf dag \u00e9\u00e9n alle betrokkenen weten hoe beslissingen moeten worden genomen en welke informatie op welk moment beschikbaar moet zijn.<\/p>\n<p>Jacco begon als registeraccountant. In de loop der jaren ontdekte hij dat zijn sterke punt niet het verwerken van administratie was, maar het verbeteren van de financi\u00eble processen en\/of het assisteren van bedrijven bij het ontwikkelen van plannen voor reorganisatie. Hij realiseerde zich al snel dat het cre\u00ebren van een oplossing slechts een deel van het oplossen is, maar dat het correct implementeren ervan de sleutel is.<\/p>\n<p>In bijna twintig jaar heeft hij een bewezen staat van dienst opgebouwd in interim management als een van de grondleggers van SIS FINANCE. Zijn focus ligt op het cre\u00ebren van oplossingen of het vermijden van problemen voor financi\u00eble afdelingen en\/of aanverwante gebieden (HRM en ICT).<\/p>\n<p>Jacco geeft regelmatig advies en raad over het opzetten van financi\u00eble afdelingen, de implementatie van financi\u00eble (consolidatie)systemen of de herstructurering van de (administratieve processen van) financi\u00eble afdelingen. Door zijn uitstekende netwerk van consultants, waarvan velen postdoctoraal of registercontrollers zijn (velen met 10 jaar of meer ervaring bij de Big Four), is hij niet alleen in staat om de oplossing te cre\u00ebren, maar ook om deze te implementeren.<\/p>\n<\/div><\/div><div class=\"x-col e774-e15 mli-q mli-r mli-s\"><div class=\"x-row e774-e16 mli-6 mli-8 mli-9 mli-a mli-e mli-i\"><div class=\"x-row-inner\"><div class=\"x-col e774-e17 mli-q mli-s mli-v\"><div class=\"x-div e774-e18 mli-12\"><div class=\"x-bg\" aria-hidden=\"true\"><div class=\"x-bg-layer-lower-image\" data-x-element-bg-layer=\"{&quot;parallaxSize&quot;:&quot;150%&quot;,&quot;parallaxDir&quot;:&quot;v&quot;,&quot;parallaxRev&quot;:false}\"><\/div><div class=\"x-bg-layer-upper-image\"><\/div><\/div><\/div><\/div><div class=\"x-col e774-e24 mli-q mli-r mli-s\"><div class=\"x-row e774-e25 mli-6 mli-8 mli-9 mli-a mli-d mli-e mli-k\"><div class=\"x-row-inner\"><div class=\"x-col e774-e26 mli-q mli-w mli-x mli-y\"><h3  class=\"h-custom-headline h6\" style=\"color: #072128;margin-top:0px; letter-spacing: 0.6px;\"><span>GESPECIALISEERD IN:<\/span><\/h3><h3  class=\"h-custom-headline h5\" style=\"color: #072128;margin-top:20px; letter-spacing: 0.6px;\"><span>Verbetering van financi\u00eble processen, Interim management, Ondersteuning bij grensoverschrijdende zaken<\/span><\/h3><\/div><div class=\"x-col e774-e29 mli-n mli-o mli-q mli-u mli-w mli-x mli-z\"><h3  class=\"h-custom-headline h5\" style=\"color: #ffffff;margin-top:20px; letter-spacing: 0.6px;\"><span>Oplossingen gerealiseerd, processen geoptimaliseerd<\/span><\/h3><\/div><\/div><\/div><\/div><\/div><\/div><\/div><\/div><\/div><\/div><div class=\"x-section e774-e39 mli-0 mli-3 mli-4\"><div class=\"x-row x-container max width e774-e40 mli-6 mli-8 mli-9 mli-a mli-e mli-m\"><div class=\"x-row-inner\"><div class=\"x-col e774-e41 mli-q mli-r mli-s\"><div  class=\"x-raw-content\" ><style>\n.x-navbar {\n  background-color: #052327 !important;\n\n}\n\n@media only screen and (min-width: 1200px) {\n.ruimte-titel {\n  margin-bottom:-20px; \n}\n}\n\n\n@media only screen and (min-width: 767px) {\n.cta-button {\nborder-top-right-radius:0px !important ;\nborder-bottom-right-radius:0px !important ;\n  }}\n<\/style><\/div><\/div><\/div><\/div><\/div><\/div>","protected":false},"excerpt":{"rendered":"<p>TERUG NAAR PROFESSIONALSJacco KaandorpSIS-FINANCEDoor de jaren heen hebben we veel moeilijkheden ervaren als het gaat om zakendoen in het buitenland via een entiteit of via een andere vorm van vertegenwoordiging. Het moederbedrijf of de holdingmaatschappij moet zich realiseren dat het een deel van de controle over zijn activiteiten verliest, aangezien er plotseling rekening moet worden gehouden met bepaalde buitenlandse regels &#8230; <\/p>\n<div><a href=\"https:\/\/lenos-vat.com\/nl\/onze-professionals\/jacco-kaandorp\/\" class=\"more-link\">Read More<\/a><\/div>\n","protected":false},"author":1,"featured_media":0,"parent":669,"menu_order":0,"comment_status":"closed","ping_status":"closed","template":"template-blank-4.php","meta":{"footnotes":""},"class_list":["post-774","page","type-page","status-publish","hentry","no-post-thumbnail"],"yoast_head":"<!-- This site is optimized with the Yoast SEO plugin v26.3 - https:\/\/yoast.com\/wordpress\/plugins\/seo\/ -->\n<title>Jacco Kaandorp - LENOS<\/title>\n<meta name=\"robots\" content=\"index, follow, max-snippet:-1, max-image-preview:large, max-video-preview:-1\" \/>\n<link rel=\"canonical\" href=\"https:\/\/lenos-vat.com\/nl\/onze-professionals\/jacco-kaandorp\/\" \/>\n<meta property=\"og:locale\" content=\"nl_NL\" \/>\n<meta property=\"og:type\" content=\"article\" \/>\n<meta property=\"og:title\" content=\"Jacco Kaandorp - LENOS\" \/>\n<meta property=\"og:description\" content=\"TERUG NAAR PROFESSIONALSJacco KaandorpSIS-FINANCEDoor de jaren heen hebben we veel moeilijkheden ervaren als het gaat om zakendoen in het buitenland via een entiteit of via een andere vorm van vertegenwoordiging. Het moederbedrijf of de holdingmaatschappij moet zich realiseren dat het een deel van de controle over zijn activiteiten verliest, aangezien er plotseling rekening moet worden gehouden met bepaalde buitenlandse regels ... Read More\" \/>\n<meta property=\"og:url\" content=\"https:\/\/lenos-vat.com\/nl\/onze-professionals\/jacco-kaandorp\/\" \/>\n<meta property=\"og:site_name\" content=\"LENOS\" \/>\n<meta property=\"article:modified_time\" content=\"2025-12-04T12:05:30+00:00\" \/>\n<meta name=\"twitter:card\" content=\"summary_large_image\" \/>\n<meta name=\"twitter:label1\" content=\"Geschatte leestijd\" \/>\n\t<meta name=\"twitter:data1\" content=\"2 minuten\" \/>\n<script type=\"application\/ld+json\" class=\"yoast-schema-graph\">{\"@context\":\"https:\/\/schema.org\",\"@graph\":[{\"@type\":\"WebPage\",\"@id\":\"https:\/\/lenos-vat.com\/nl\/onze-professionals\/jacco-kaandorp\/\",\"url\":\"https:\/\/lenos-vat.com\/nl\/onze-professionals\/jacco-kaandorp\/\",\"name\":\"Jacco Kaandorp - LENOS\",\"isPartOf\":{\"@id\":\"https:\/\/lenos-vat.com\/nl\/#website\"},\"datePublished\":\"2025-10-02T08:40:04+00:00\",\"dateModified\":\"2025-12-04T12:05:30+00:00\",\"breadcrumb\":{\"@id\":\"https:\/\/lenos-vat.com\/nl\/onze-professionals\/jacco-kaandorp\/#breadcrumb\"},\"inLanguage\":\"nl-NL\",\"potentialAction\":[{\"@type\":\"ReadAction\",\"target\":[\"https:\/\/lenos-vat.com\/nl\/onze-professionals\/jacco-kaandorp\/\"]}]},{\"@type\":\"BreadcrumbList\",\"@id\":\"https:\/\/lenos-vat.com\/nl\/onze-professionals\/jacco-kaandorp\/#breadcrumb\",\"itemListElement\":[{\"@type\":\"ListItem\",\"position\":1,\"name\":\"Home\",\"item\":\"https:\/\/lenos-vat.com\/nl\/lenos-c-s-btw-douaneadvocaten\/\"},{\"@type\":\"ListItem\",\"position\":2,\"name\":\"Onze professionals\",\"item\":\"https:\/\/lenos-vat.com\/nl\/onze-professionals\/\"},{\"@type\":\"ListItem\",\"position\":3,\"name\":\"Jacco Kaandorp\"}]},{\"@type\":\"WebSite\",\"@id\":\"https:\/\/lenos-vat.com\/nl\/#website\",\"url\":\"https:\/\/lenos-vat.com\/nl\/\",\"name\":\"Lenos c.s. VAT & Custom Lawyers\",\"description\":\"\",\"publisher\":{\"@id\":\"https:\/\/lenos-vat.com\/nl\/#organization\"},\"potentialAction\":[{\"@type\":\"SearchAction\",\"target\":{\"@type\":\"EntryPoint\",\"urlTemplate\":\"https:\/\/lenos-vat.com\/nl\/?s={search_term_string}\"},\"query-input\":{\"@type\":\"PropertyValueSpecification\",\"valueRequired\":true,\"valueName\":\"search_term_string\"}}],\"inLanguage\":\"nl-NL\"},{\"@type\":\"Organization\",\"@id\":\"https:\/\/lenos-vat.com\/nl\/#organization\",\"name\":\"Lenos c.s. VAT & Custom Lawyers\",\"url\":\"https:\/\/lenos-vat.com\/nl\/\",\"logo\":{\"@type\":\"ImageObject\",\"inLanguage\":\"nl-NL\",\"@id\":\"https:\/\/lenos-vat.com\/nl\/#\/schema\/logo\/image\/\",\"url\":\"https:\/\/lenos-vat.com\/wp-content\/uploads\/2025\/09\/Lenos-c.s.-logo-website-scaled.png\",\"contentUrl\":\"https:\/\/lenos-vat.com\/wp-content\/uploads\/2025\/09\/Lenos-c.s.-logo-website-scaled.png\",\"width\":2560,\"height\":720,\"caption\":\"Lenos c.s. VAT & Custom Lawyers\"},\"image\":{\"@id\":\"https:\/\/lenos-vat.com\/nl\/#\/schema\/logo\/image\/\"}}]}<\/script>\n<!-- \/ Yoast SEO plugin. -->","yoast_head_json":{"title":"Jacco Kaandorp - LENOS","robots":{"index":"index","follow":"follow","max-snippet":"max-snippet:-1","max-image-preview":"max-image-preview:large","max-video-preview":"max-video-preview:-1"},"canonical":"https:\/\/lenos-vat.com\/nl\/onze-professionals\/jacco-kaandorp\/","og_locale":"nl_NL","og_type":"article","og_title":"Jacco Kaandorp - LENOS","og_description":"TERUG NAAR PROFESSIONALSJacco KaandorpSIS-FINANCEDoor de jaren heen hebben we veel moeilijkheden ervaren als het gaat om zakendoen in het buitenland via een entiteit of via een andere vorm van vertegenwoordiging. Het moederbedrijf of de holdingmaatschappij moet zich realiseren dat het een deel van de controle over zijn activiteiten verliest, aangezien er plotseling rekening moet worden gehouden met bepaalde buitenlandse regels ... Read More","og_url":"https:\/\/lenos-vat.com\/nl\/onze-professionals\/jacco-kaandorp\/","og_site_name":"LENOS","article_modified_time":"2025-12-04T12:05:30+00:00","twitter_card":"summary_large_image","twitter_misc":{"Geschatte leestijd":"2 minuten"},"schema":{"@context":"https:\/\/schema.org","@graph":[{"@type":"WebPage","@id":"https:\/\/lenos-vat.com\/nl\/onze-professionals\/jacco-kaandorp\/","url":"https:\/\/lenos-vat.com\/nl\/onze-professionals\/jacco-kaandorp\/","name":"Jacco Kaandorp - LENOS","isPartOf":{"@id":"https:\/\/lenos-vat.com\/nl\/#website"},"datePublished":"2025-10-02T08:40:04+00:00","dateModified":"2025-12-04T12:05:30+00:00","breadcrumb":{"@id":"https:\/\/lenos-vat.com\/nl\/onze-professionals\/jacco-kaandorp\/#breadcrumb"},"inLanguage":"nl-NL","potentialAction":[{"@type":"ReadAction","target":["https:\/\/lenos-vat.com\/nl\/onze-professionals\/jacco-kaandorp\/"]}]},{"@type":"BreadcrumbList","@id":"https:\/\/lenos-vat.com\/nl\/onze-professionals\/jacco-kaandorp\/#breadcrumb","itemListElement":[{"@type":"ListItem","position":1,"name":"Home","item":"https:\/\/lenos-vat.com\/nl\/lenos-c-s-btw-douaneadvocaten\/"},{"@type":"ListItem","position":2,"name":"Onze professionals","item":"https:\/\/lenos-vat.com\/nl\/onze-professionals\/"},{"@type":"ListItem","position":3,"name":"Jacco Kaandorp"}]},{"@type":"WebSite","@id":"https:\/\/lenos-vat.com\/nl\/#website","url":"https:\/\/lenos-vat.com\/nl\/","name":"Lenos c.s. VAT & Custom Lawyers","description":"","publisher":{"@id":"https:\/\/lenos-vat.com\/nl\/#organization"},"potentialAction":[{"@type":"SearchAction","target":{"@type":"EntryPoint","urlTemplate":"https:\/\/lenos-vat.com\/nl\/?s={search_term_string}"},"query-input":{"@type":"PropertyValueSpecification","valueRequired":true,"valueName":"search_term_string"}}],"inLanguage":"nl-NL"},{"@type":"Organization","@id":"https:\/\/lenos-vat.com\/nl\/#organization","name":"Lenos c.s. VAT & Custom Lawyers","url":"https:\/\/lenos-vat.com\/nl\/","logo":{"@type":"ImageObject","inLanguage":"nl-NL","@id":"https:\/\/lenos-vat.com\/nl\/#\/schema\/logo\/image\/","url":"https:\/\/lenos-vat.com\/wp-content\/uploads\/2025\/09\/Lenos-c.s.-logo-website-scaled.png","contentUrl":"https:\/\/lenos-vat.com\/wp-content\/uploads\/2025\/09\/Lenos-c.s.-logo-website-scaled.png","width":2560,"height":720,"caption":"Lenos c.s. VAT & Custom Lawyers"},"image":{"@id":"https:\/\/lenos-vat.com\/nl\/#\/schema\/logo\/image\/"}}]}},"_links":{"self":[{"href":"https:\/\/lenos-vat.com\/nl\/wp-json\/wp\/v2\/pages\/774","targetHints":{"allow":["GET"]}}],"collection":[{"href":"https:\/\/lenos-vat.com\/nl\/wp-json\/wp\/v2\/pages"}],"about":[{"href":"https:\/\/lenos-vat.com\/nl\/wp-json\/wp\/v2\/types\/page"}],"author":[{"embeddable":true,"href":"https:\/\/lenos-vat.com\/nl\/wp-json\/wp\/v2\/users\/1"}],"replies":[{"embeddable":true,"href":"https:\/\/lenos-vat.com\/nl\/wp-json\/wp\/v2\/comments?post=774"}],"version-history":[{"count":8,"href":"https:\/\/lenos-vat.com\/nl\/wp-json\/wp\/v2\/pages\/774\/revisions"}],"predecessor-version":[{"id":1082,"href":"https:\/\/lenos-vat.com\/nl\/wp-json\/wp\/v2\/pages\/774\/revisions\/1082"}],"up":[{"embeddable":true,"href":"https:\/\/lenos-vat.com\/nl\/wp-json\/wp\/v2\/pages\/669"}],"wp:attachment":[{"href":"https:\/\/lenos-vat.com\/nl\/wp-json\/wp\/v2\/media?parent=774"}],"curies":[{"name":"wp","href":"https:\/\/api.w.org\/{rel}","templated":true}]}}