{"id":791,"date":"2025-09-29T09:33:06","date_gmt":"2025-09-29T09:33:06","guid":{"rendered":"https:\/\/lenos-vat.com\/onze-diensten\/"},"modified":"2025-11-13T10:34:56","modified_gmt":"2025-11-13T10:34:56","slug":"onze-diensten","status":"publish","type":"page","link":"https:\/\/lenos-vat.com\/nl\/onze-diensten\/","title":{"rendered":"Onze diensten"},"content":{"rendered":"<div id=\"cs-content\" class=\"cs-content\"><div class=\"x-section e791-e1 mlz-0 mlz-1\"><div class=\"x-bg\" aria-hidden=\"true\"><div class=\"x-bg-layer-lower-image\"><\/div><div class=\"x-bg-layer-upper-color\"><\/div><\/div><div class=\"x-row e791-e2 mlz-a mlz-b mlz-c mlz-d mlz-e mlz-k mlz-l\"><div class=\"x-row-inner\"><div class=\"x-col e791-e3 mlz-x mlz-y mlz-z mlz-10 mlz-11 mlz-12\"><h1  class=\"h-custom-headline h2\" style=\"color: hsl(0, 0%, 100%);margin-top:0px; letter-spacing: 0.6px;\"><span>Onze diensten<\/span><\/h1><\/div><\/div><\/div><\/div><div class=\"x-section e791-e5 mlz-0 mlz-2 mlz-3 mlz-4\"><div class=\"x-row e791-e6 mlz-a mlz-b mlz-e mlz-f mlz-g mlz-k mlz-m\"><div class=\"x-row-inner\"><div class=\"x-col e791-e7 mlz-x mlz-z mlz-10 mlz-12 mlz-13 mlz-14\"><h3  class=\"h-custom-headline h3\" style=\"color: #072128;margin-top:0px; letter-spacing: 0.6px;\"><span>Gespecialiseerde kennis.<\/span><\/h3><\/div><div class=\"x-col e791-e9 mlz-x mlz-z mlz-10 mlz-11 mlz-12 mlz-13 mlz-15\"><hr  class=\"x-gap\" style=\"margin: 5px 0 0 0;\"><\/div><\/div><\/div><div class=\"x-row e791-e11 mlz-a mlz-b mlz-e mlz-f mlz-g mlz-k mlz-n\"><div class=\"x-row-inner\"><div class=\"x-col e791-e12 mlz-x mlz-10 mlz-11 mlz-12 mlz-13 mlz-16\"><div id=\"\" class=\"x-text\" style=\"\" ><p>Wij zijn toegewijd aan het leveren van op maat gemaakte oplossingen die voldoen aan uw unieke zakelijke behoeften, en helpen u met vertrouwen te navigeren door het steeds veranderende landschap van belastingwetgeving en douane. Ons team van ervaren btw- en douaneadvocaten is gespecialiseerd in het bieden van uitgebreide diensten om ervoor te zorgen dat uw bedrijf compliant blijft en geoptimaliseerd is voor effici\u00ebntie.<\/p>\n<\/div><\/div><div class=\"x-col e791-e14 mlz-x mlz-z mlz-10 mlz-11 mlz-12 mlz-13 mlz-15\"><hr  class=\"x-gap\" style=\"margin: 5px 0 0 0;\"><\/div><\/div><\/div><div class=\"x-row e791-e50 mlz-a mlz-b mlz-c mlz-h mlz-i mlz-o mlz-r mlz-7 mlz-8 x-effect-exit\" data-x-effect=\"{&quot;scroll&quot;:true,&quot;offsetTop&quot;:&quot;10%&quot;,&quot;offsetBottom&quot;:&quot;10%&quot;,&quot;behaviorScroll&quot;:&quot;fire-once&quot;}\"><div class=\"x-row-inner\"><div class=\"x-col e791-e51 mlz-x mlz-z mlz-10 mlz-11 mlz-17 mlz-18 mlz-19\"><h3  class=\"h-custom-headline titelruimte h5\" style=\"color: #072128;margin-top:0px; margin-bottom:45px;  letter-spacing: 0.6px;\"><span>Btw-positie<\/span><\/h3><div id=\"\" class=\"x-text\" style=\"margin-top:auto;\" ><p>De wereld van btw is uiterst dynamisch en voortdurend onderhevig aan veranderingen. We volgen alle ontwikkelingen nauwlettend en voorzien u van deskundig advies om uw btw-positie waar nodig te optimaliseren.<\/p>\n<\/div><div id=\"\" class=\"x-text\" style=\"margin-top:auto;\" ><p><a href=\"https:\/\/lenos-vat.com\/nl\/btw-positie\/\"><span style=\"text-decoration: underline;\">Meer informatie<\/span><\/a><\/p>\n<\/div><\/div><div class=\"x-col e791-e55 mlz-x mlz-z mlz-10 mlz-11 mlz-17 mlz-18 mlz-1a\"><h3  class=\"h-custom-headline h5\" style=\"color: #ffffff;margin-top:0px; letter-spacing: 0.6px;\"><span>BTW-aangifte, BTW-teruggaaf en BTW-validatie<\/span><\/h3><div id=\"\" class=\"x-text\" style=\"margin-top:auto; color:#fff;\" ><p>Onze specialisten zijn actief in btw-zaken in alle EU-lidstaten, waaronder Itali\u00eb, Frankrijk, Belgi\u00eb, Duitsland, Roemeni\u00eb en Luxemburg. We hebben ook expertise buiten de EU.<\/p>\n<\/div><div id=\"\" class=\"x-text\" style=\"margin-top:auto; color:#fff;\" ><p><a href=\"https:\/\/lenos-vat.com\/nl\/btw-aangifte-btw-teruggave-en-btw-validatie\/\"><span style=\"text-decoration: underline;\">Meer informatie<\/span><\/a><\/p>\n<\/div><\/div><div class=\"x-col e791-e59 mlz-x mlz-z mlz-10 mlz-11 mlz-17 mlz-18 mlz-19 mlz-1b mlz-1c\"><h3  class=\"h-custom-headline color-small h5\" style=\"color: #072128;margin-top:0px; letter-spacing: 0.6px;\"><span>Btw-adviesdiensten<\/span><\/h3><div id=\"\" class=\"x-text color-small\" style=\"margin-top:auto;\" ><p>Bij LENOS c.s. benutten we onze uitgebreide BTW-expertise om uitgebreide begeleiding te bieden op het gebied van Nederlandse BTW-regelgeving, waarbij we zorgen voor volledig compliance management.<\/p>\n<\/div><div id=\"\" class=\"x-text color-small\" style=\"margin-top:auto;\" ><p><a href=\"https:\/\/lenos-vat.com\/nl\/btw-adviesdiensten\/\"><span style=\"text-decoration: underline;\">Meer informatie<\/span><\/a><\/p>\n<\/div><\/div><div class=\"x-col e791-e63 mlz-x mlz-z mlz-10 mlz-11 mlz-17 mlz-18 mlz-1a mlz-1d\"><h3  class=\"h-custom-headline color-small2 h5\" style=\"color: #ffffff;margin-top:0px; letter-spacing: 0.6px;\"><span>Douaneadvies<\/span><\/h3><div id=\"\" class=\"x-text color-small2\" style=\"margin-top:auto; color:#fff;\" ><p>Onze douaneadvocaten begeleiden u bij het naleven van alle douanewetten en -regelgeving. Van invoerrechten tot het optimaliseren van preferenti\u00eble tarieven, wij zorgen ervoor dat u compliant blijft en kosten bespaart.<\/p>\n<\/div><div id=\"\" class=\"x-text color-small2\" style=\"margin-top:auto; color:#fff;\" ><p><a href=\"https:\/\/lenos-vat.com\/nl\/douaneadvies\/\"><span style=\"text-decoration: underline;\">Meer informatie<\/span><\/a><\/p>\n<\/div><\/div><\/div><\/div><div class=\"x-row e791-e67 mlz-a mlz-b mlz-g mlz-i mlz-j mlz-o mlz-s mlz-8 mlz-9 x-effect-exit\" data-x-effect=\"{&quot;scroll&quot;:true,&quot;offsetTop&quot;:&quot;10%&quot;,&quot;offsetBottom&quot;:&quot;10%&quot;,&quot;behaviorScroll&quot;:&quot;fire-once&quot;}\"><div class=\"x-row-inner\"><div class=\"x-col e791-e68 mlz-x mlz-z mlz-10 mlz-11 mlz-17 mlz-18 mlz-1a mlz-1e\"><h3  class=\"h-custom-headline real-estate titelruimte h5\" style=\"color: #ffffff;margin-top:0px; margin-bottom:45px;  letter-spacing: 0.6px;\"><span>Transport en logistiek<\/span><\/h3><div id=\"\" class=\"x-text real-estate\" style=\"margin-top:auto; color:#fff;\" ><p>Goederen komen vanuit de hele wereld naar Nederland. Onze btw-specialisten staan klaar om uw bedrijf te begeleiden bij alle btw-zaken met betrekking tot transport en logistiek.<\/p>\n<\/div><div id=\"\" class=\"x-text color-small2\" style=\"margin-top:auto; color:#fff;\" ><p><a href=\"https:\/\/lenos-vat.com\/nl\/transport-en-logistiek\/\"><span style=\"text-decoration: underline;\">Meer informatie<\/span><\/a><\/p>\n<\/div><\/div><div class=\"x-col e791-e72 mlz-x mlz-z mlz-10 mlz-11 mlz-17 mlz-18 mlz-19 mlz-1f\"><h3  class=\"h-custom-headline transport h5\" style=\"color: #ffffff;margin-top:0px; letter-spacing: 0.6px;\"><span>Vastgoedleveringen en -verwervingen<\/span><\/h3><div id=\"\" class=\"x-text transport\" style=\"margin-top:auto; color:#fff;\" ><p>Door met u mee te denken, kunnen we sturen op een optimale belastingsituatie en ervoor zorgen dat u maximaal profiteert van uw mogelijkheden op het gebied van zowel BTW als overdrachtsbelasting.<\/p>\n<\/div><div id=\"\" class=\"x-text color-small\" style=\"margin-top:auto;\" ><p><a href=\"https:\/\/lenos-vat.com\/nl\/vastgoedleveringen-en-acquisities\/\"><span style=\"text-decoration: underline;\">Meer informatie<\/span><\/a><\/p>\n<\/div><\/div><div class=\"x-col e791-e76 mlz-x mlz-z mlz-10 mlz-11 mlz-17 mlz-18 mlz-1a mlz-1c\"><h3  class=\"h-custom-headline advisory h5\" style=\"color: #ffffff;margin-top:0px; letter-spacing: 0.6px;\"><span>BTW-audits en douane-compliance audits<\/span><\/h3><div id=\"\" class=\"x-text advisory\" style=\"margin-top:auto; color:#fff;\" ><p>De btw-wetgeving staat nooit stil en verandert voortdurend. Met een btw-audit maken wij duidelijk welke risico's u loopt, zodat al uw btw-zaken perfect in orde zijn.<\/p>\n<\/div><div id=\"\" class=\"x-text\" style=\"margin-top:auto; color:#fff;\" ><p><a href=\"https:\/\/lenos-vat.com\/nl\/btw-audits-en-douane-compliance-audits\/\"><span style=\"text-decoration: underline;\">Meer informatie<\/span><\/a><\/p>\n<\/div><\/div><div class=\"x-col e791-e80 mlz-x mlz-z mlz-10 mlz-11 mlz-17 mlz-18 mlz-19 mlz-1g\"><h3  class=\"h-custom-headline custom h5\" style=\"color: #072128;margin-top:0px; letter-spacing: 0.6px;\"><span>Bezwaar en beroep btw-aangiften<\/span><\/h3><div id=\"\" class=\"x-text custom\" style=\"margin-top:auto;\" ><p>Wij kunnen de bezwaar- en beroepsprocedure voor btw-aangiften afhandelen. Wij volgen zowel nationale als internationale btw-ontwikkelingen op de voet, waardoor wij u zowel in binnen- als buitenland kunnen bijstaan.<\/p>\n<\/div><div id=\"\" class=\"x-text\" style=\"margin-top:auto;\" ><p><a href=\"https:\/\/lenos-vat.com\/nl\/bezwaar-en-beroep-btw-aangiften\/\"><span style=\"text-decoration: underline;\">Meer informatie<\/span><\/a><\/p>\n<\/div><\/div><\/div><\/div><\/div><div class=\"x-section e791-e119 mlz-0 mlz-2 mlz-4 mlz-5\"><div class=\"x-row e791-e120 mlz-a mlz-b mlz-c mlz-d mlz-e mlz-k mlz-v\"><div class=\"x-row-inner\"><div class=\"x-col e791-e121 mlz-x mlz-z mlz-10 mlz-11 mlz-13 mlz-18 mlz-1h\"><div class=\"x-bg\" aria-hidden=\"true\"><div class=\"x-bg-layer-lower-image\"><\/div><\/div><h3  class=\"h-custom-headline h2\" style=\"color: hsl(0, 0%, 100%);margin-top:0px; letter-spacing: 0.6px;\"><span>Hulp nodig bij belasting-<br>of douanekwesties?<\/span><\/h3><a  class=\"x-btn x-btn-global\" style=\"margin-right:20px;\" href=\"#\"     data-options=\"thumbnail: ''\">Neem contact op<\/a><\/div><\/div><\/div><\/div><div class=\"x-section e791-e124 mlz-0 mlz-4 mlz-6\"><div class=\"x-row x-container max width e791-e125 mlz-a mlz-c mlz-d mlz-e mlz-k mlz-w\"><div class=\"x-row-inner\"><div class=\"x-col e791-e126 mlz-10 mlz-11 mlz-12\"><div  class=\"x-raw-content\" ><style>\n.x-navbar {\n  background-color: transparent !important;\n  border-bottom: 0px !important;\n  box-shadow: none !important;\n  position: Absolute;\n  top: 0px;\n  left: 0px;\n  width: 100%;\n}\n\n@media only screen and (min-width: 1200px) {\n.ruimte-titel {\n  margin-bottom:-20px; \n}\n}\n\n.mh-8 > .is-primary {\ndisplay:none !important;\n}\n\n.mh-9 > .is-secondary {\ndisplay:none !important;\n}\n<\/style><\/div><\/div><\/div><\/div><\/div><\/div>","protected":false},"excerpt":{"rendered":"<p>Onze dienstenGespecialiseerde kennis.Wij zijn toegewijd aan het leveren van op maat gemaakte oplossingen die voldoen aan uw unieke zakelijke behoeften, en helpen u met vertrouwen te navigeren door het steeds veranderende landschap van belastingwetgeving en douane. Ons team van ervaren btw- en douaneadvocaten is gespecialiseerd in het bieden van uitgebreide diensten om ervoor te zorgen dat uw bedrijf compliant blijft &#8230; <\/p>\n<div><a href=\"https:\/\/lenos-vat.com\/nl\/onze-diensten\/\" class=\"more-link\">Read More<\/a><\/div>\n","protected":false},"author":1,"featured_media":0,"parent":0,"menu_order":0,"comment_status":"closed","ping_status":"closed","template":"template-blank-4.php","meta":{"footnotes":""},"class_list":["post-791","page","type-page","status-publish","hentry","no-post-thumbnail"],"yoast_head":"<!-- This site is optimized with the Yoast SEO plugin v26.3 - https:\/\/yoast.com\/wordpress\/plugins\/seo\/ -->\n<title>Onze diensten - LENOS<\/title>\n<meta name=\"robots\" content=\"index, follow, max-snippet:-1, max-image-preview:large, max-video-preview:-1\" \/>\n<link rel=\"canonical\" href=\"https:\/\/lenos-vat.com\/nl\/onze-diensten\/\" \/>\n<meta property=\"og:locale\" content=\"nl_NL\" \/>\n<meta property=\"og:type\" content=\"article\" \/>\n<meta property=\"og:title\" content=\"Onze diensten - LENOS\" \/>\n<meta property=\"og:description\" content=\"Onze dienstenGespecialiseerde kennis.Wij zijn toegewijd aan het leveren van op maat gemaakte oplossingen die voldoen aan uw unieke zakelijke behoeften, en helpen u met vertrouwen te navigeren door het steeds veranderende landschap van belastingwetgeving en douane. Ons team van ervaren btw- en douaneadvocaten is gespecialiseerd in het bieden van uitgebreide diensten om ervoor te zorgen dat uw bedrijf compliant blijft ... Read More\" \/>\n<meta property=\"og:url\" content=\"https:\/\/lenos-vat.com\/nl\/onze-diensten\/\" \/>\n<meta property=\"og:site_name\" content=\"LENOS\" \/>\n<meta property=\"article:modified_time\" content=\"2025-11-13T10:34:56+00:00\" \/>\n<meta name=\"twitter:card\" content=\"summary_large_image\" \/>\n<meta name=\"twitter:label1\" content=\"Geschatte leestijd\" \/>\n\t<meta name=\"twitter:data1\" content=\"2 minuten\" \/>\n<script type=\"application\/ld+json\" class=\"yoast-schema-graph\">{\"@context\":\"https:\/\/schema.org\",\"@graph\":[{\"@type\":\"WebPage\",\"@id\":\"https:\/\/lenos-vat.com\/nl\/onze-diensten\/\",\"url\":\"https:\/\/lenos-vat.com\/nl\/onze-diensten\/\",\"name\":\"Onze diensten - LENOS\",\"isPartOf\":{\"@id\":\"https:\/\/lenos-vat.com\/nl\/#website\"},\"datePublished\":\"2025-09-29T09:33:06+00:00\",\"dateModified\":\"2025-11-13T10:34:56+00:00\",\"breadcrumb\":{\"@id\":\"https:\/\/lenos-vat.com\/nl\/onze-diensten\/#breadcrumb\"},\"inLanguage\":\"nl-NL\",\"potentialAction\":[{\"@type\":\"ReadAction\",\"target\":[\"https:\/\/lenos-vat.com\/nl\/onze-diensten\/\"]}]},{\"@type\":\"BreadcrumbList\",\"@id\":\"https:\/\/lenos-vat.com\/nl\/onze-diensten\/#breadcrumb\",\"itemListElement\":[{\"@type\":\"ListItem\",\"position\":1,\"name\":\"Home\",\"item\":\"https:\/\/lenos-vat.com\/nl\/lenos-c-s-btw-douaneadvocaten\/\"},{\"@type\":\"ListItem\",\"position\":2,\"name\":\"Onze diensten\"}]},{\"@type\":\"WebSite\",\"@id\":\"https:\/\/lenos-vat.com\/nl\/#website\",\"url\":\"https:\/\/lenos-vat.com\/nl\/\",\"name\":\"Lenos c.s. VAT & Custom Lawyers\",\"description\":\"\",\"publisher\":{\"@id\":\"https:\/\/lenos-vat.com\/nl\/#organization\"},\"potentialAction\":[{\"@type\":\"SearchAction\",\"target\":{\"@type\":\"EntryPoint\",\"urlTemplate\":\"https:\/\/lenos-vat.com\/nl\/?s={search_term_string}\"},\"query-input\":{\"@type\":\"PropertyValueSpecification\",\"valueRequired\":true,\"valueName\":\"search_term_string\"}}],\"inLanguage\":\"nl-NL\"},{\"@type\":\"Organization\",\"@id\":\"https:\/\/lenos-vat.com\/nl\/#organization\",\"name\":\"Lenos c.s. VAT & Custom Lawyers\",\"url\":\"https:\/\/lenos-vat.com\/nl\/\",\"logo\":{\"@type\":\"ImageObject\",\"inLanguage\":\"nl-NL\",\"@id\":\"https:\/\/lenos-vat.com\/nl\/#\/schema\/logo\/image\/\",\"url\":\"https:\/\/lenos-vat.com\/wp-content\/uploads\/2025\/09\/Lenos-c.s.-logo-website-scaled.png\",\"contentUrl\":\"https:\/\/lenos-vat.com\/wp-content\/uploads\/2025\/09\/Lenos-c.s.-logo-website-scaled.png\",\"width\":2560,\"height\":720,\"caption\":\"Lenos c.s. VAT & Custom Lawyers\"},\"image\":{\"@id\":\"https:\/\/lenos-vat.com\/nl\/#\/schema\/logo\/image\/\"}}]}<\/script>\n<!-- \/ Yoast SEO plugin. -->","yoast_head_json":{"title":"Onze diensten - LENOS","robots":{"index":"index","follow":"follow","max-snippet":"max-snippet:-1","max-image-preview":"max-image-preview:large","max-video-preview":"max-video-preview:-1"},"canonical":"https:\/\/lenos-vat.com\/nl\/onze-diensten\/","og_locale":"nl_NL","og_type":"article","og_title":"Onze diensten - LENOS","og_description":"Onze dienstenGespecialiseerde kennis.Wij zijn toegewijd aan het leveren van op maat gemaakte oplossingen die voldoen aan uw unieke zakelijke behoeften, en helpen u met vertrouwen te navigeren door het steeds veranderende landschap van belastingwetgeving en douane. Ons team van ervaren btw- en douaneadvocaten is gespecialiseerd in het bieden van uitgebreide diensten om ervoor te zorgen dat uw bedrijf compliant blijft ... Read More","og_url":"https:\/\/lenos-vat.com\/nl\/onze-diensten\/","og_site_name":"LENOS","article_modified_time":"2025-11-13T10:34:56+00:00","twitter_card":"summary_large_image","twitter_misc":{"Geschatte leestijd":"2 minuten"},"schema":{"@context":"https:\/\/schema.org","@graph":[{"@type":"WebPage","@id":"https:\/\/lenos-vat.com\/nl\/onze-diensten\/","url":"https:\/\/lenos-vat.com\/nl\/onze-diensten\/","name":"Onze diensten - LENOS","isPartOf":{"@id":"https:\/\/lenos-vat.com\/nl\/#website"},"datePublished":"2025-09-29T09:33:06+00:00","dateModified":"2025-11-13T10:34:56+00:00","breadcrumb":{"@id":"https:\/\/lenos-vat.com\/nl\/onze-diensten\/#breadcrumb"},"inLanguage":"nl-NL","potentialAction":[{"@type":"ReadAction","target":["https:\/\/lenos-vat.com\/nl\/onze-diensten\/"]}]},{"@type":"BreadcrumbList","@id":"https:\/\/lenos-vat.com\/nl\/onze-diensten\/#breadcrumb","itemListElement":[{"@type":"ListItem","position":1,"name":"Home","item":"https:\/\/lenos-vat.com\/nl\/lenos-c-s-btw-douaneadvocaten\/"},{"@type":"ListItem","position":2,"name":"Onze diensten"}]},{"@type":"WebSite","@id":"https:\/\/lenos-vat.com\/nl\/#website","url":"https:\/\/lenos-vat.com\/nl\/","name":"Lenos c.s. VAT & Custom Lawyers","description":"","publisher":{"@id":"https:\/\/lenos-vat.com\/nl\/#organization"},"potentialAction":[{"@type":"SearchAction","target":{"@type":"EntryPoint","urlTemplate":"https:\/\/lenos-vat.com\/nl\/?s={search_term_string}"},"query-input":{"@type":"PropertyValueSpecification","valueRequired":true,"valueName":"search_term_string"}}],"inLanguage":"nl-NL"},{"@type":"Organization","@id":"https:\/\/lenos-vat.com\/nl\/#organization","name":"Lenos c.s. VAT & Custom Lawyers","url":"https:\/\/lenos-vat.com\/nl\/","logo":{"@type":"ImageObject","inLanguage":"nl-NL","@id":"https:\/\/lenos-vat.com\/nl\/#\/schema\/logo\/image\/","url":"https:\/\/lenos-vat.com\/wp-content\/uploads\/2025\/09\/Lenos-c.s.-logo-website-scaled.png","contentUrl":"https:\/\/lenos-vat.com\/wp-content\/uploads\/2025\/09\/Lenos-c.s.-logo-website-scaled.png","width":2560,"height":720,"caption":"Lenos c.s. VAT & Custom Lawyers"},"image":{"@id":"https:\/\/lenos-vat.com\/nl\/#\/schema\/logo\/image\/"}}]}},"_links":{"self":[{"href":"https:\/\/lenos-vat.com\/nl\/wp-json\/wp\/v2\/pages\/791","targetHints":{"allow":["GET"]}}],"collection":[{"href":"https:\/\/lenos-vat.com\/nl\/wp-json\/wp\/v2\/pages"}],"about":[{"href":"https:\/\/lenos-vat.com\/nl\/wp-json\/wp\/v2\/types\/page"}],"author":[{"embeddable":true,"href":"https:\/\/lenos-vat.com\/nl\/wp-json\/wp\/v2\/users\/1"}],"replies":[{"embeddable":true,"href":"https:\/\/lenos-vat.com\/nl\/wp-json\/wp\/v2\/comments?post=791"}],"version-history":[{"count":8,"href":"https:\/\/lenos-vat.com\/nl\/wp-json\/wp\/v2\/pages\/791\/revisions"}],"predecessor-version":[{"id":876,"href":"https:\/\/lenos-vat.com\/nl\/wp-json\/wp\/v2\/pages\/791\/revisions\/876"}],"wp:attachment":[{"href":"https:\/\/lenos-vat.com\/nl\/wp-json\/wp\/v2\/media?parent=791"}],"curies":[{"name":"wp","href":"https:\/\/api.w.org\/{rel}","templated":true}]}}