{"id":805,"date":"2025-10-02T08:50:36","date_gmt":"2025-10-02T08:50:36","guid":{"rendered":"https:\/\/lenos-vat.com\/onze-professionals\/steve-mccrindle\/"},"modified":"2025-12-04T12:04:53","modified_gmt":"2025-12-04T12:04:53","slug":"steve-mccrindle","status":"publish","type":"page","link":"https:\/\/lenos-vat.com\/nl\/onze-professionals\/steve-mccrindle\/","title":{"rendered":"Steve McCrindle"},"content":{"rendered":"<div id=\"cs-content\" class=\"cs-content\"><div class=\"x-section e805-e5 mmd-0 mmd-2 mmd-3\"><div class=\"x-row e805-e6 mmd-6 mmd-7 mmd-8 mmd-9 mmd-a mmd-e mmd-g\"><div class=\"x-row-inner\"><div class=\"x-col e805-e7 mmd-n mmd-q mmd-r mmd-s mmd-t mmd-u\" data-x-effect-provider=\"colors particles effects\"><span class=\"x-icon e805-e8 mmd-11 mmd-5\" aria-hidden=\"true\" data-x-effect=\"{&quot;durationBase&quot;:&quot;300ms&quot;}\"><svg xmlns=\"http:\/\/www.w3.org\/2000\/svg\" viewBox=\"0 0 384 512\"><!--! Font Awesome Pro 6.7.2 by @fontawesome - https:\/\/fontawesome.com License - https:\/\/fontawesome.com\/license (Commercial License) Copyright 2024 Fonticons, Inc. --><path d=\"M48 96c-8.8 0-16 7.2-16 16l0 224c0 8.8 7.2 16 16 16s16-7.2 16-16l0-185.4L324.7 411.3c6.2 6.2 16.4 6.2 22.6 0s6.2-16.4 0-22.6L86.6 128 272 128c8.8 0 16-7.2 16-16s-7.2-16-16-16L48 96z\"\/><\/svg><\/span><h3  class=\"h-custom-headline h6\" style=\"color: #072128;margin-top:0px; letter-spacing: 0.6px;\"><span><a href=\"https:\/\/lenos-vat.com\/nl\/over-ons\/#professionals\">TERUG NAAR PROFESSIONALS<\/a><\/span><\/h3><\/div><\/div><\/div><div class=\"x-row e805-e10 mmd-6 mmd-7 mmd-a mmd-b mmd-h\"><div class=\"x-row-inner\"><div class=\"x-col e805-e11 mmd-q mmd-r mmd-s\"><h3  class=\"h-custom-headline h3\" style=\"color: #072128;margin-top:0px; letter-spacing: 0.6px;\"><span>Steve McCrindle<\/span><\/h3><h3  class=\"h-custom-headline h6\" style=\"color: #072128;margin-top:0px; letter-spacing: 0.6px;\"><span>Specialist in indirecte belastingen voor het VK en de VS<\/span><\/h3><div id=\"\" class=\"x-text\" style=\"margin-top:30px;\" ><p>Steve McCrindle is Partner bij de belastingafdeling van Prager Metis, lid van Prager Metis International Group.<\/p>\n<p>Met een onwankelbare toewijding van bijna vier decennia heeft Steve McCrindle zich gevestigd als een vooraanstaande autoriteit op het gebied van indirecte belastingen. Zijn expertise, verfijnd door jarenlange ervaring bij HM Revenue &amp; Customs (HMRC), Big 4-kantoren en verschillende toonaangevende Britse accountantskantoren, maakt hem tot een onmisbare adviseur voor cli\u00ebnten die zich door het complexe landschap van indirecte belastingen bewegen.<\/p>\n<p>Steve's loopbaan begon in de jaren '80, waar hij zich verdiepte in de nuances van indirecte belastingen en een diepgaand begrip ontwikkelde van de Belasting Toegevoegde Waarde (BTW). Deze brede kennis stelt hem in staat om uitgebreide oplossingen te bieden die zijn afgestemd op de unieke behoeften van elke cli\u00ebnt.<\/p>\n<p>In de afgelopen 19 jaar heeft Steve de gerespecteerde positie van Partner bekleed, waarbij hij leiding geeft aan teams met een diverse groep specialisten in indirecte belastingen. Zijn aanpak gaat verder dan alleen adviserende diensten; hij hanteert een praktijkgerichte methodologie, waarbij hij praktische ondersteuning biedt aan cli\u00ebnten voor al hun behoeften op het gebied van indirecte belastingen \u2013 van compliance en advies tot planning, structurering, HMRC-interventies, onderzoeken en procesondersteuning. Hij brengt ook proactief idee\u00ebn aan voor BTW- en indirecte belastingoptimalisatie, of het nu gaat om het toevoegen van financi\u00eble voordelen of kosten- of resourcegedreven verbeteringen in hun internationale transactieketens. Steve adviseert cli\u00ebnten niet alleen over vereisten, hij assisteert hen ook praktisch bij het implementeren van oplossingen.<\/p>\n<p>Steve's invloed reikt ver buiten zijn eigen kantoor. De afgelopen negen jaar heeft hij gefungeerd als Global Chair of Indirect Taxes voor Geneva Group International (GGI), een van 's werelds grootste verenigingen van professionele dienstverleners. Via dit platform heeft hij een werkelijk wereldwijd bereik, met een team van meer dan 200 specialisten in indirecte belastingen over de hele wereld, waardoor cli\u00ebnten verzekerd zijn van naadloze, wereldklasse oplossingen, ongeacht hun geografische locatie.<\/p>\n<p>Met een onwankelbare toewijding aan excellentie en een klantgerichte filosofie blijft Steve McCrindle de grenzen verleggen van advisering op het gebied van indirecte belastingen. Zijn diepgaande vakkennis, gecombineerd met een praktische, oplossingsgerichte aanpak, bevestigt zijn reputatie als vertrouwd adviseur en leider op het gebied van indirecte belastingen.<\/p>\n<\/div><\/div><div class=\"x-col e805-e15 mmd-q mmd-r mmd-s\"><div class=\"x-row e805-e16 mmd-6 mmd-8 mmd-9 mmd-a mmd-e mmd-i\"><div class=\"x-row-inner\"><div class=\"x-col e805-e17 mmd-q mmd-s mmd-v\"><div class=\"x-div e805-e18 mmd-12\"><div class=\"x-bg\" aria-hidden=\"true\"><div class=\"x-bg-layer-lower-image\" data-x-element-bg-layer=\"{&quot;parallaxSize&quot;:&quot;150%&quot;,&quot;parallaxDir&quot;:&quot;v&quot;,&quot;parallaxRev&quot;:false}\"><\/div><div class=\"x-bg-layer-upper-image\"><\/div><\/div><\/div><\/div><div class=\"x-col e805-e24 mmd-q mmd-r mmd-s\"><div class=\"x-row e805-e25 mmd-6 mmd-8 mmd-9 mmd-a mmd-d mmd-e mmd-k\"><div class=\"x-row-inner\"><div class=\"x-col e805-e26 mmd-q mmd-w mmd-x mmd-y\"><h3  class=\"h-custom-headline h6\" style=\"color: #072128;margin-top:0px; letter-spacing: 0.6px;\"><span>GESPECIALISEERD IN:<\/span><\/h3><h3  class=\"h-custom-headline h5\" style=\"color: #072128;margin-top:20px; letter-spacing: 0.6px;\"><span>BTW, Indirecte belastingen, Compliance, Advisering, HMRC-onderzoeken, Internationale BTW-optimalisatie<\/span><\/h3><\/div><div class=\"x-col e805-e29 mmd-n mmd-o mmd-q mmd-u mmd-w mmd-x mmd-z\"><h3  class=\"h-custom-headline h5\" style=\"color: #ffffff;margin-top:20px; letter-spacing: 0.6px;\"><span>Wereldwijd leider in indirecte belastingen<\/span><\/h3><\/div><\/div><\/div><\/div><\/div><\/div><\/div><\/div><\/div><\/div><div class=\"x-section e805-e36 mmd-0 mmd-3 mmd-4\"><div class=\"x-row x-container max width e805-e37 mmd-6 mmd-8 mmd-9 mmd-a mmd-e mmd-m\"><div class=\"x-row-inner\"><div class=\"x-col e805-e38 mmd-q mmd-r mmd-s\"><div  class=\"x-raw-content\" ><style>\n.x-navbar {\n  background-color: #052327 !important;\n\n}\n\n@media only screen and (min-width: 1200px) {\n.ruimte-titel {\n  margin-bottom:-20px; \n}\n}\n\n\n@media only screen and (min-width: 767px) {\n.cta-button {\nborder-top-right-radius:0px !important ;\nborder-bottom-right-radius:0px !important ;\n  }}\n<\/style><\/div><\/div><\/div><\/div><\/div><\/div>","protected":false},"excerpt":{"rendered":"<p>TERUG NAAR PROFESSIONALSSteve McCrindleSpecialist in indirecte belastingen voor het VK en de VSSteve McCrindle is Partner bij de belastingafdeling van Prager Metis, lid van Prager Metis International Group. Met een onwankelbare toewijding van bijna vier decennia heeft Steve McCrindle zich gevestigd als een vooraanstaande autoriteit op het gebied van indirecte belastingen. Zijn expertise, verfijnd door jarenlange ervaring bij HM Revenue &#8230; <\/p>\n<div><a href=\"https:\/\/lenos-vat.com\/nl\/onze-professionals\/steve-mccrindle\/\" class=\"more-link\">Read More<\/a><\/div>\n","protected":false},"author":1,"featured_media":0,"parent":669,"menu_order":0,"comment_status":"closed","ping_status":"closed","template":"template-blank-4.php","meta":{"footnotes":""},"class_list":["post-805","page","type-page","status-publish","hentry","no-post-thumbnail"],"yoast_head":"<!-- This site is optimized with the Yoast SEO plugin v26.3 - https:\/\/yoast.com\/wordpress\/plugins\/seo\/ -->\n<title>Steve McCrindle - LENOS<\/title>\n<meta name=\"robots\" content=\"index, follow, max-snippet:-1, max-image-preview:large, max-video-preview:-1\" \/>\n<link rel=\"canonical\" href=\"https:\/\/lenos-vat.com\/nl\/onze-professionals\/steve-mccrindle\/\" \/>\n<meta property=\"og:locale\" content=\"nl_NL\" \/>\n<meta property=\"og:type\" content=\"article\" \/>\n<meta property=\"og:title\" content=\"Steve McCrindle - LENOS\" \/>\n<meta property=\"og:description\" content=\"TERUG NAAR PROFESSIONALSSteve McCrindleSpecialist in indirecte belastingen voor het VK en de VSSteve McCrindle is Partner bij de belastingafdeling van Prager Metis, lid van Prager Metis International Group. Met een onwankelbare toewijding van bijna vier decennia heeft Steve McCrindle zich gevestigd als een vooraanstaande autoriteit op het gebied van indirecte belastingen. Zijn expertise, verfijnd door jarenlange ervaring bij HM Revenue ... Read More\" \/>\n<meta property=\"og:url\" content=\"https:\/\/lenos-vat.com\/nl\/onze-professionals\/steve-mccrindle\/\" \/>\n<meta property=\"og:site_name\" content=\"LENOS\" \/>\n<meta property=\"article:modified_time\" content=\"2025-12-04T12:04:53+00:00\" \/>\n<meta name=\"twitter:card\" content=\"summary_large_image\" \/>\n<meta name=\"twitter:label1\" content=\"Geschatte leestijd\" \/>\n\t<meta name=\"twitter:data1\" content=\"2 minuten\" \/>\n<script type=\"application\/ld+json\" class=\"yoast-schema-graph\">{\"@context\":\"https:\/\/schema.org\",\"@graph\":[{\"@type\":\"WebPage\",\"@id\":\"https:\/\/lenos-vat.com\/nl\/onze-professionals\/steve-mccrindle\/\",\"url\":\"https:\/\/lenos-vat.com\/nl\/onze-professionals\/steve-mccrindle\/\",\"name\":\"Steve McCrindle - LENOS\",\"isPartOf\":{\"@id\":\"https:\/\/lenos-vat.com\/nl\/#website\"},\"datePublished\":\"2025-10-02T08:50:36+00:00\",\"dateModified\":\"2025-12-04T12:04:53+00:00\",\"breadcrumb\":{\"@id\":\"https:\/\/lenos-vat.com\/nl\/onze-professionals\/steve-mccrindle\/#breadcrumb\"},\"inLanguage\":\"nl-NL\",\"potentialAction\":[{\"@type\":\"ReadAction\",\"target\":[\"https:\/\/lenos-vat.com\/nl\/onze-professionals\/steve-mccrindle\/\"]}]},{\"@type\":\"BreadcrumbList\",\"@id\":\"https:\/\/lenos-vat.com\/nl\/onze-professionals\/steve-mccrindle\/#breadcrumb\",\"itemListElement\":[{\"@type\":\"ListItem\",\"position\":1,\"name\":\"Home\",\"item\":\"https:\/\/lenos-vat.com\/nl\/lenos-c-s-btw-douaneadvocaten\/\"},{\"@type\":\"ListItem\",\"position\":2,\"name\":\"Onze professionals\",\"item\":\"https:\/\/lenos-vat.com\/nl\/onze-professionals\/\"},{\"@type\":\"ListItem\",\"position\":3,\"name\":\"Steve McCrindle\"}]},{\"@type\":\"WebSite\",\"@id\":\"https:\/\/lenos-vat.com\/nl\/#website\",\"url\":\"https:\/\/lenos-vat.com\/nl\/\",\"name\":\"Lenos c.s. VAT & Custom Lawyers\",\"description\":\"\",\"publisher\":{\"@id\":\"https:\/\/lenos-vat.com\/nl\/#organization\"},\"potentialAction\":[{\"@type\":\"SearchAction\",\"target\":{\"@type\":\"EntryPoint\",\"urlTemplate\":\"https:\/\/lenos-vat.com\/nl\/?s={search_term_string}\"},\"query-input\":{\"@type\":\"PropertyValueSpecification\",\"valueRequired\":true,\"valueName\":\"search_term_string\"}}],\"inLanguage\":\"nl-NL\"},{\"@type\":\"Organization\",\"@id\":\"https:\/\/lenos-vat.com\/nl\/#organization\",\"name\":\"Lenos c.s. VAT & Custom Lawyers\",\"url\":\"https:\/\/lenos-vat.com\/nl\/\",\"logo\":{\"@type\":\"ImageObject\",\"inLanguage\":\"nl-NL\",\"@id\":\"https:\/\/lenos-vat.com\/nl\/#\/schema\/logo\/image\/\",\"url\":\"https:\/\/lenos-vat.com\/wp-content\/uploads\/2025\/09\/Lenos-c.s.-logo-website-scaled.png\",\"contentUrl\":\"https:\/\/lenos-vat.com\/wp-content\/uploads\/2025\/09\/Lenos-c.s.-logo-website-scaled.png\",\"width\":2560,\"height\":720,\"caption\":\"Lenos c.s. VAT & Custom Lawyers\"},\"image\":{\"@id\":\"https:\/\/lenos-vat.com\/nl\/#\/schema\/logo\/image\/\"}}]}<\/script>\n<!-- \/ Yoast SEO plugin. -->","yoast_head_json":{"title":"Steve McCrindle - LENOS","robots":{"index":"index","follow":"follow","max-snippet":"max-snippet:-1","max-image-preview":"max-image-preview:large","max-video-preview":"max-video-preview:-1"},"canonical":"https:\/\/lenos-vat.com\/nl\/onze-professionals\/steve-mccrindle\/","og_locale":"nl_NL","og_type":"article","og_title":"Steve McCrindle - LENOS","og_description":"TERUG NAAR PROFESSIONALSSteve McCrindleSpecialist in indirecte belastingen voor het VK en de VSSteve McCrindle is Partner bij de belastingafdeling van Prager Metis, lid van Prager Metis International Group. Met een onwankelbare toewijding van bijna vier decennia heeft Steve McCrindle zich gevestigd als een vooraanstaande autoriteit op het gebied van indirecte belastingen. Zijn expertise, verfijnd door jarenlange ervaring bij HM Revenue ... Read More","og_url":"https:\/\/lenos-vat.com\/nl\/onze-professionals\/steve-mccrindle\/","og_site_name":"LENOS","article_modified_time":"2025-12-04T12:04:53+00:00","twitter_card":"summary_large_image","twitter_misc":{"Geschatte leestijd":"2 minuten"},"schema":{"@context":"https:\/\/schema.org","@graph":[{"@type":"WebPage","@id":"https:\/\/lenos-vat.com\/nl\/onze-professionals\/steve-mccrindle\/","url":"https:\/\/lenos-vat.com\/nl\/onze-professionals\/steve-mccrindle\/","name":"Steve McCrindle - LENOS","isPartOf":{"@id":"https:\/\/lenos-vat.com\/nl\/#website"},"datePublished":"2025-10-02T08:50:36+00:00","dateModified":"2025-12-04T12:04:53+00:00","breadcrumb":{"@id":"https:\/\/lenos-vat.com\/nl\/onze-professionals\/steve-mccrindle\/#breadcrumb"},"inLanguage":"nl-NL","potentialAction":[{"@type":"ReadAction","target":["https:\/\/lenos-vat.com\/nl\/onze-professionals\/steve-mccrindle\/"]}]},{"@type":"BreadcrumbList","@id":"https:\/\/lenos-vat.com\/nl\/onze-professionals\/steve-mccrindle\/#breadcrumb","itemListElement":[{"@type":"ListItem","position":1,"name":"Home","item":"https:\/\/lenos-vat.com\/nl\/lenos-c-s-btw-douaneadvocaten\/"},{"@type":"ListItem","position":2,"name":"Onze professionals","item":"https:\/\/lenos-vat.com\/nl\/onze-professionals\/"},{"@type":"ListItem","position":3,"name":"Steve McCrindle"}]},{"@type":"WebSite","@id":"https:\/\/lenos-vat.com\/nl\/#website","url":"https:\/\/lenos-vat.com\/nl\/","name":"Lenos c.s. VAT & Custom Lawyers","description":"","publisher":{"@id":"https:\/\/lenos-vat.com\/nl\/#organization"},"potentialAction":[{"@type":"SearchAction","target":{"@type":"EntryPoint","urlTemplate":"https:\/\/lenos-vat.com\/nl\/?s={search_term_string}"},"query-input":{"@type":"PropertyValueSpecification","valueRequired":true,"valueName":"search_term_string"}}],"inLanguage":"nl-NL"},{"@type":"Organization","@id":"https:\/\/lenos-vat.com\/nl\/#organization","name":"Lenos c.s. VAT & Custom Lawyers","url":"https:\/\/lenos-vat.com\/nl\/","logo":{"@type":"ImageObject","inLanguage":"nl-NL","@id":"https:\/\/lenos-vat.com\/nl\/#\/schema\/logo\/image\/","url":"https:\/\/lenos-vat.com\/wp-content\/uploads\/2025\/09\/Lenos-c.s.-logo-website-scaled.png","contentUrl":"https:\/\/lenos-vat.com\/wp-content\/uploads\/2025\/09\/Lenos-c.s.-logo-website-scaled.png","width":2560,"height":720,"caption":"Lenos c.s. VAT & Custom Lawyers"},"image":{"@id":"https:\/\/lenos-vat.com\/nl\/#\/schema\/logo\/image\/"}}]}},"_links":{"self":[{"href":"https:\/\/lenos-vat.com\/nl\/wp-json\/wp\/v2\/pages\/805","targetHints":{"allow":["GET"]}}],"collection":[{"href":"https:\/\/lenos-vat.com\/nl\/wp-json\/wp\/v2\/pages"}],"about":[{"href":"https:\/\/lenos-vat.com\/nl\/wp-json\/wp\/v2\/types\/page"}],"author":[{"embeddable":true,"href":"https:\/\/lenos-vat.com\/nl\/wp-json\/wp\/v2\/users\/1"}],"replies":[{"embeddable":true,"href":"https:\/\/lenos-vat.com\/nl\/wp-json\/wp\/v2\/comments?post=805"}],"version-history":[{"count":10,"href":"https:\/\/lenos-vat.com\/nl\/wp-json\/wp\/v2\/pages\/805\/revisions"}],"predecessor-version":[{"id":1078,"href":"https:\/\/lenos-vat.com\/nl\/wp-json\/wp\/v2\/pages\/805\/revisions\/1078"}],"up":[{"embeddable":true,"href":"https:\/\/lenos-vat.com\/nl\/wp-json\/wp\/v2\/pages\/669"}],"wp:attachment":[{"href":"https:\/\/lenos-vat.com\/nl\/wp-json\/wp\/v2\/media?parent=805"}],"curies":[{"name":"wp","href":"https:\/\/api.w.org\/{rel}","templated":true}]}}